{"id":18235,"date":"2026-04-20T15:42:22","date_gmt":"2026-04-20T20:42:22","guid":{"rendered":"https:\/\/jsr.com.co\/?post_type=product&#038;p=18235"},"modified":"2026-04-20T15:46:47","modified_gmt":"2026-04-20T20:46:47","slug":"bomba-de-agua-cummins-isx10-canales","status":"publish","type":"product","link":"https:\/\/jsr.com.co\/?product=bomba-de-agua-cummins-isx10-canales","title":{"rendered":"Bomba de Agua Cummins Isx10 Canales"},"content":{"rendered":"<p>\u00bb<\/p>\n<p><strong>Bomba de Agua Cummins Isx10 Canales<\/strong><\/p>\n<p>Esta bomba de agua para Cummins Isx10 Canales est\u00e1 dise\u00f1ada para ofrecer una circulaci\u00f3n eficiente del refrigerante y apoyar el correcto control de temperatura del motor.<\/p>\n<p>Es una excelente opci\u00f3n de reposici\u00f3n para mantenimiento preventivo o correctivo, con ajuste confiable y desempe\u00f1o estable en uso diario.<\/p>\n<ul>\n<li><strong>Compatibilidad:<\/strong> Cummins Isx10 Canales<\/li>\n<li><strong>Referencia:<\/strong> JSR6151\/WP-2100\/AW6151<\/li>\n<li><strong>Equivalencias:<\/strong> Us6151<\/li>\n<li><strong>Tipo de producto:<\/strong> Bomba de agua automotriz<\/li>\n<li><strong>Recomendaci\u00f3n:<\/strong> Verifica la referencia, el motor y la muestra f\u00edsica antes de comprar.<\/li>\n<\/ul>\n<p>\u00ab<\/p>\n","protected":false},"excerpt":{"rendered":"<p>Bomba De Agua Cummins Isx10 Canales :Us6151<\/p>\n","protected":false},"featured_media":18023,"template":"","meta":{"_uag_custom_page_level_css":"","_monsterinsights_skip_tracking":false,"_monsterinsights_sitenote_active":false,"_monsterinsights_sitenote_note":"","_monsterinsights_sitenote_category":0,"site-sidebar-layout":"default","site-content-layout":"","ast-site-content-layout":"default","site-content-style":"default","site-sidebar-style":"default","ast-global-header-display":"","ast-banner-title-visibility":"","ast-main-header-display":"","ast-hfb-above-header-display":"","ast-hfb-below-header-display":"","ast-hfb-mobile-header-display":"","site-post-title":"","ast-breadcrumbs-content":"","ast-featured-img":"","footer-sml-layout":"","ast-disable-related-posts":"","theme-transparent-header-meta":"default","adv-header-id-meta":"","stick-header-meta":"","header-above-stick-meta":"","header-main-stick-meta":"","header-below-stick-meta":"","astra-migrate-meta-layouts":"set","ast-page-background-enabled":"default","ast-page-background-meta":{"desktop":{"background-color":"","background-image":"","background-repeat":"repeat","background-position":"center center","background-size":"auto","background-attachment":"scroll","background-type":"","background-media":"","overlay-type":"","overlay-color":"","overlay-opacity":"","overlay-gradient":""},"tablet":{"background-color":"","background-image":"","background-repeat":"repeat","background-position":"center center","background-size":"auto","background-attachment":"scroll","background-type":"","background-media":"","overlay-type":"","overlay-color":"","overlay-opacity":"","overlay-gradient":""},"mobile":{"background-color":"","background-image":"","background-repeat":"repeat","background-position":"center center","background-size":"auto","background-attachment":"scroll","background-type":"","background-media":"","overlay-type":"","overlay-color":"","overlay-opacity":"","overlay-gradient":""}},"ast-content-background-meta":{"desktop":{"background-color":"var(--ast-global-color-5)","background-image":"","background-repeat":"repeat","background-position":"center center","background-size":"auto","background-attachment":"scroll","background-type":"","background-media":"","overlay-type":"","overlay-color":"","overlay-opacity":"","overlay-gradient":""},"tablet":{"background-color":"var(--ast-global-color-5)","background-image":"","background-repeat":"repeat","background-position":"center center","background-size":"auto","background-attachment":"scroll","background-type":"","background-media":"","overlay-type":"","overlay-color":"","overlay-opacity":"","overlay-gradient":""},"mobile":{"background-color":"var(--ast-global-color-5)","background-image":"","background-repeat":"repeat","background-position":"center center","background-size":"auto","background-attachment":"scroll","background-type":"","background-media":"","overlay-type":"","overlay-color":"","overlay-opacity":"","overlay-gradient":""}},"_themeisle_gutenberg_block_has_review":false},"product_brand":[],"product_cat":[150,149],"product_tag":[],"class_list":{"0":"post-18235","1":"product","2":"type-product","3":"status-publish","4":"has-post-thumbnail","6":"product_cat-bombas-de-agua","7":"product_cat-refrigeracion","8":"desktop-align-left","9":"tablet-align-left","10":"mobile-align-left","12":"first","13":"instock","14":"shipping-taxable","15":"product-type-simple"},"aioseo_notices":[],"uagb_featured_image_src":{"full":["https:\/\/jsr.com.co\/wp-content\/uploads\/2026\/04\/JSR6151-WP-2100-AW6151-1.png",700,700,false],"thumbnail":["https:\/\/jsr.com.co\/wp-content\/uploads\/2026\/04\/JSR6151-WP-2100-AW6151-1-150x150.png",150,150,true],"medium":["https:\/\/jsr.com.co\/wp-content\/uploads\/2026\/04\/JSR6151-WP-2100-AW6151-1-300x300.png",300,300,true],"medium_large":["https:\/\/jsr.com.co\/wp-content\/uploads\/2026\/04\/JSR6151-WP-2100-AW6151-1.png",700,700,false],"large":["https:\/\/jsr.com.co\/wp-content\/uploads\/2026\/04\/JSR6151-WP-2100-AW6151-1.png",700,700,false],"1536x1536":["https:\/\/jsr.com.co\/wp-content\/uploads\/2026\/04\/JSR6151-WP-2100-AW6151-1.png",700,700,false],"2048x2048":["https:\/\/jsr.com.co\/wp-content\/uploads\/2026\/04\/JSR6151-WP-2100-AW6151-1.png",700,700,false],"woocommerce_thumbnail":["https:\/\/jsr.com.co\/wp-content\/uploads\/2026\/04\/JSR6151-WP-2100-AW6151-1-300x300.png",300,300,true],"woocommerce_single":["https:\/\/jsr.com.co\/wp-content\/uploads\/2026\/04\/JSR6151-WP-2100-AW6151-1-600x600.png",600,600,true],"woocommerce_gallery_thumbnail":["https:\/\/jsr.com.co\/wp-content\/uploads\/2026\/04\/JSR6151-WP-2100-AW6151-1-100x100.png",100,100,true],"dgwt-wcas-product-suggestion":["https:\/\/jsr.com.co\/wp-content\/uploads\/2026\/04\/JSR6151-WP-2100-AW6151-1-64x64.png",64,64,true]},"uagb_author_info":{"display_name":"JSR.AUTOPARTES@gmail.com","author_link":"https:\/\/jsr.com.co\/?author=0"},"uagb_comment_info":0,"uagb_excerpt":"Bomba De Agua Cummins Isx10 Canales :Us6151","_links":{"self":[{"href":"https:\/\/jsr.com.co\/index.php?rest_route=\/wp\/v2\/product\/18235","targetHints":{"allow":["GET"]}}],"collection":[{"href":"https:\/\/jsr.com.co\/index.php?rest_route=\/wp\/v2\/product"}],"about":[{"href":"https:\/\/jsr.com.co\/index.php?rest_route=\/wp\/v2\/types\/product"}],"wp:featuredmedia":[{"embeddable":true,"href":"https:\/\/jsr.com.co\/index.php?rest_route=\/wp\/v2\/media\/18023"}],"wp:attachment":[{"href":"https:\/\/jsr.com.co\/index.php?rest_route=%2Fwp%2Fv2%2Fmedia&parent=18235"}],"wp:term":[{"taxonomy":"product_brand","embeddable":true,"href":"https:\/\/jsr.com.co\/index.php?rest_route=%2Fwp%2Fv2%2Fproduct_brand&post=18235"},{"taxonomy":"product_cat","embeddable":true,"href":"https:\/\/jsr.com.co\/index.php?rest_route=%2Fwp%2Fv2%2Fproduct_cat&post=18235"},{"taxonomy":"product_tag","embeddable":true,"href":"https:\/\/jsr.com.co\/index.php?rest_route=%2Fwp%2Fv2%2Fproduct_tag&post=18235"}],"curies":[{"name":"wp","href":"https:\/\/api.w.org\/{rel}","templated":true}]}}