{"id":17454,"date":"2026-04-17T14:30:06","date_gmt":"2026-04-17T19:30:06","guid":{"rendered":"https:\/\/jsr.com.co\/?post_type=product&#038;p=17454"},"modified":"2026-04-20T13:47:21","modified_gmt":"2026-04-20T18:47:21","slug":"grasa-de-calcio-roja-no-2-balde-16-kg","status":"publish","type":"product","link":"https:\/\/jsr.com.co\/?product=grasa-de-calcio-roja-no-2-balde-16-kg","title":{"rendered":"Grasa de Calcio Roja No. 2 Balde 16 kg"},"content":{"rendered":"<p><strong>Grasa de Calcio Roja No. 2<\/strong> en presentaci\u00f3n Balde de 16 kg, desarrollada para ofrecer una lubricaci\u00f3n confiable y un desempe\u00f1o estable en diferentes tareas de mantenimiento.<\/p>\n<ul>\n<li><strong>Tipo de producto:<\/strong> Grasa de Calcio Roja No. 2<\/li>\n<li><strong>Presentaci\u00f3n:<\/strong> Balde de 16 kg<\/li>\n<li><strong>Aplicaci\u00f3n sugerida:<\/strong> aplicaciones de lubricaci\u00f3n general donde se requiere una grasa consistente para mantenimiento rutinario<\/li>\n<li><strong>Referencia:<\/strong> JSR-GR602B<\/li>\n<\/ul>\n<p>Su formato industrial es ideal para talleres y operaciones que necesitan abastecimiento continuo con una opci\u00f3n pr\u00e1ctica para el d\u00eda a d\u00eda.<\/p>\n","protected":false},"excerpt":{"rendered":"<p>Grasa De Calcio 2 Roja &#8211; Balde 16Kg<\/p>\n","protected":false},"featured_media":16843,"template":"","meta":{"_uag_custom_page_level_css":"","_monsterinsights_skip_tracking":false,"_monsterinsights_sitenote_active":false,"_monsterinsights_sitenote_note":"","_monsterinsights_sitenote_category":0,"site-sidebar-layout":"default","site-content-layout":"","ast-site-content-layout":"default","site-content-style":"default","site-sidebar-style":"default","ast-global-header-display":"","ast-banner-title-visibility":"","ast-main-header-display":"","ast-hfb-above-header-display":"","ast-hfb-below-header-display":"","ast-hfb-mobile-header-display":"","site-post-title":"","ast-breadcrumbs-content":"","ast-featured-img":"","footer-sml-layout":"","ast-disable-related-posts":"","theme-transparent-header-meta":"default","adv-header-id-meta":"","stick-header-meta":"","header-above-stick-meta":"","header-main-stick-meta":"","header-below-stick-meta":"","astra-migrate-meta-layouts":"set","ast-page-background-enabled":"default","ast-page-background-meta":{"desktop":{"background-color":"","background-image":"","background-repeat":"repeat","background-position":"center center","background-size":"auto","background-attachment":"scroll","background-type":"","background-media":"","overlay-type":"","overlay-color":"","overlay-opacity":"","overlay-gradient":""},"tablet":{"background-color":"","background-image":"","background-repeat":"repeat","background-position":"center center","background-size":"auto","background-attachment":"scroll","background-type":"","background-media":"","overlay-type":"","overlay-color":"","overlay-opacity":"","overlay-gradient":""},"mobile":{"background-color":"","background-image":"","background-repeat":"repeat","background-position":"center center","background-size":"auto","background-attachment":"scroll","background-type":"","background-media":"","overlay-type":"","overlay-color":"","overlay-opacity":"","overlay-gradient":""}},"ast-content-background-meta":{"desktop":{"background-color":"var(--ast-global-color-5)","background-image":"","background-repeat":"repeat","background-position":"center center","background-size":"auto","background-attachment":"scroll","background-type":"","background-media":"","overlay-type":"","overlay-color":"","overlay-opacity":"","overlay-gradient":""},"tablet":{"background-color":"var(--ast-global-color-5)","background-image":"","background-repeat":"repeat","background-position":"center center","background-size":"auto","background-attachment":"scroll","background-type":"","background-media":"","overlay-type":"","overlay-color":"","overlay-opacity":"","overlay-gradient":""},"mobile":{"background-color":"var(--ast-global-color-5)","background-image":"","background-repeat":"repeat","background-position":"center center","background-size":"auto","background-attachment":"scroll","background-type":"","background-media":"","overlay-type":"","overlay-color":"","overlay-opacity":"","overlay-gradient":""}},"_themeisle_gutenberg_block_has_review":false},"product_brand":[],"product_cat":[102,99],"product_tag":[],"class_list":{"0":"post-17454","1":"product","2":"type-product","3":"status-publish","4":"has-post-thumbnail","6":"product_cat-grasa-calcio","7":"product_cat-lubricante","8":"desktop-align-left","9":"tablet-align-left","10":"mobile-align-left","12":"first","13":"instock","14":"shipping-taxable","15":"product-type-simple"},"aioseo_notices":[],"uagb_featured_image_src":{"full":["https:\/\/jsr.com.co\/wp-content\/uploads\/2026\/04\/JSR-GR602B.png",700,700,false],"thumbnail":["https:\/\/jsr.com.co\/wp-content\/uploads\/2026\/04\/JSR-GR602B-150x150.png",150,150,true],"medium":["https:\/\/jsr.com.co\/wp-content\/uploads\/2026\/04\/JSR-GR602B-300x300.png",300,300,true],"medium_large":["https:\/\/jsr.com.co\/wp-content\/uploads\/2026\/04\/JSR-GR602B.png",700,700,false],"large":["https:\/\/jsr.com.co\/wp-content\/uploads\/2026\/04\/JSR-GR602B.png",700,700,false],"1536x1536":["https:\/\/jsr.com.co\/wp-content\/uploads\/2026\/04\/JSR-GR602B.png",700,700,false],"2048x2048":["https:\/\/jsr.com.co\/wp-content\/uploads\/2026\/04\/JSR-GR602B.png",700,700,false],"woocommerce_thumbnail":["https:\/\/jsr.com.co\/wp-content\/uploads\/2026\/04\/JSR-GR602B-300x300.png",300,300,true],"woocommerce_single":["https:\/\/jsr.com.co\/wp-content\/uploads\/2026\/04\/JSR-GR602B-600x600.png",600,600,true],"woocommerce_gallery_thumbnail":["https:\/\/jsr.com.co\/wp-content\/uploads\/2026\/04\/JSR-GR602B-100x100.png",100,100,true],"dgwt-wcas-product-suggestion":["https:\/\/jsr.com.co\/wp-content\/uploads\/2026\/04\/JSR-GR602B-64x64.png",64,64,true]},"uagb_author_info":{"display_name":"JSR.AUTOPARTES@gmail.com","author_link":"https:\/\/jsr.com.co\/?author=0"},"uagb_comment_info":0,"uagb_excerpt":"Grasa De Calcio 2 Roja - Balde 16Kg","_links":{"self":[{"href":"https:\/\/jsr.com.co\/index.php?rest_route=\/wp\/v2\/product\/17454","targetHints":{"allow":["GET"]}}],"collection":[{"href":"https:\/\/jsr.com.co\/index.php?rest_route=\/wp\/v2\/product"}],"about":[{"href":"https:\/\/jsr.com.co\/index.php?rest_route=\/wp\/v2\/types\/product"}],"wp:featuredmedia":[{"embeddable":true,"href":"https:\/\/jsr.com.co\/index.php?rest_route=\/wp\/v2\/media\/16843"}],"wp:attachment":[{"href":"https:\/\/jsr.com.co\/index.php?rest_route=%2Fwp%2Fv2%2Fmedia&parent=17454"}],"wp:term":[{"taxonomy":"product_brand","embeddable":true,"href":"https:\/\/jsr.com.co\/index.php?rest_route=%2Fwp%2Fv2%2Fproduct_brand&post=17454"},{"taxonomy":"product_cat","embeddable":true,"href":"https:\/\/jsr.com.co\/index.php?rest_route=%2Fwp%2Fv2%2Fproduct_cat&post=17454"},{"taxonomy":"product_tag","embeddable":true,"href":"https:\/\/jsr.com.co\/index.php?rest_route=%2Fwp%2Fv2%2Fproduct_tag&post=17454"}],"curies":[{"name":"wp","href":"https:\/\/api.w.org\/{rel}","templated":true}]}}