{"id":16823,"date":"2026-04-16T16:56:51","date_gmt":"2026-04-16T21:56:51","guid":{"rendered":"https:\/\/jsr.com.co\/?post_type=product&#038;p=16823"},"modified":"2026-04-16T16:56:55","modified_gmt":"2026-04-16T21:56:55","slug":"splinder-hino-micro-bus-fp-ff-gp176-19","status":"publish","type":"product","link":"https:\/\/jsr.com.co\/?product=splinder-hino-micro-bus-fp-ff-gp176-19","title":{"rendered":"Splinder Hino Micro Bus Fp. Ff. GP176 >19"},"content":{"rendered":"<p>El <strong>Splinder Hino Micro Bus Fp. Ff. GP176 &gt;19<\/strong> es una pieza clave para mantener una transmisi\u00f3n firme y confiable. Recomendado para aplicaciones Hino Micro Bus Fp. Ff. GP176 &gt;19, ofrece una opci\u00f3n pr\u00e1ctica para mantenimiento y reemplazo.<\/p>\n<ul>\n<li><strong>Referencia:<\/strong> JSR-KB-321<\/li>\n<li><strong>Aplicaci\u00f3n:<\/strong> Hino Micro Bus Fp. Ff. GP176 &gt;19<\/li>\n<\/ul>\n<p>Confirma estriado, medidas y compatibilidad antes de instalar.<\/p>\n","protected":false},"excerpt":{"rendered":"<p>Splinder Hino Micro Bus Fp. Ff. Gp176 >19<\/p>\n","protected":false},"featured_media":16615,"template":"","meta":{"_uag_custom_page_level_css":"","_monsterinsights_skip_tracking":false,"_monsterinsights_sitenote_active":false,"_monsterinsights_sitenote_note":"","_monsterinsights_sitenote_category":0,"site-sidebar-layout":"default","site-content-layout":"","ast-site-content-layout":"default","site-content-style":"default","site-sidebar-style":"default","ast-global-header-display":"","ast-banner-title-visibility":"","ast-main-header-display":"","ast-hfb-above-header-display":"","ast-hfb-below-header-display":"","ast-hfb-mobile-header-display":"","site-post-title":"","ast-breadcrumbs-content":"","ast-featured-img":"","footer-sml-layout":"","ast-disable-related-posts":"","theme-transparent-header-meta":"","adv-header-id-meta":"","stick-header-meta":"","header-above-stick-meta":"","header-main-stick-meta":"","header-below-stick-meta":"","astra-migrate-meta-layouts":"default","ast-page-background-enabled":"default","ast-page-background-meta":{"desktop":{"background-color":"","background-image":"","background-repeat":"repeat","background-position":"center center","background-size":"auto","background-attachment":"scroll","background-type":"","background-media":"","overlay-type":"","overlay-color":"","overlay-opacity":"","overlay-gradient":""},"tablet":{"background-color":"","background-image":"","background-repeat":"repeat","background-position":"center center","background-size":"auto","background-attachment":"scroll","background-type":"","background-media":"","overlay-type":"","overlay-color":"","overlay-opacity":"","overlay-gradient":""},"mobile":{"background-color":"","background-image":"","background-repeat":"repeat","background-position":"center center","background-size":"auto","background-attachment":"scroll","background-type":"","background-media":"","overlay-type":"","overlay-color":"","overlay-opacity":"","overlay-gradient":""}},"ast-content-background-meta":{"desktop":{"background-color":"var(--ast-global-color-5)","background-image":"","background-repeat":"repeat","background-position":"center center","background-size":"auto","background-attachment":"scroll","background-type":"","background-media":"","overlay-type":"","overlay-color":"","overlay-opacity":"","overlay-gradient":""},"tablet":{"background-color":"var(--ast-global-color-5)","background-image":"","background-repeat":"repeat","background-position":"center center","background-size":"auto","background-attachment":"scroll","background-type":"","background-media":"","overlay-type":"","overlay-color":"","overlay-opacity":"","overlay-gradient":""},"mobile":{"background-color":"var(--ast-global-color-5)","background-image":"","background-repeat":"repeat","background-position":"center center","background-size":"auto","background-attachment":"scroll","background-type":"","background-media":"","overlay-type":"","overlay-color":"","overlay-opacity":"","overlay-gradient":""}},"_themeisle_gutenberg_block_has_review":false},"product_brand":[],"product_cat":[94,98],"product_tag":[],"class_list":{"0":"post-16823","1":"product","2":"type-product","3":"status-publish","4":"has-post-thumbnail","6":"product_cat-cardan-y-direccion","7":"product_cat-splinder","8":"desktop-align-left","9":"tablet-align-left","10":"mobile-align-left","12":"first","13":"instock","14":"shipping-taxable","15":"product-type-simple"},"aioseo_notices":[],"uagb_featured_image_src":{"full":["https:\/\/jsr.com.co\/wp-content\/uploads\/2026\/04\/JSR-KB-321-1.png",700,700,false],"thumbnail":["https:\/\/jsr.com.co\/wp-content\/uploads\/2026\/04\/JSR-KB-321-1-150x150.png",150,150,true],"medium":["https:\/\/jsr.com.co\/wp-content\/uploads\/2026\/04\/JSR-KB-321-1-300x300.png",300,300,true],"medium_large":["https:\/\/jsr.com.co\/wp-content\/uploads\/2026\/04\/JSR-KB-321-1.png",700,700,false],"large":["https:\/\/jsr.com.co\/wp-content\/uploads\/2026\/04\/JSR-KB-321-1.png",700,700,false],"1536x1536":["https:\/\/jsr.com.co\/wp-content\/uploads\/2026\/04\/JSR-KB-321-1.png",700,700,false],"2048x2048":["https:\/\/jsr.com.co\/wp-content\/uploads\/2026\/04\/JSR-KB-321-1.png",700,700,false],"woocommerce_thumbnail":["https:\/\/jsr.com.co\/wp-content\/uploads\/2026\/04\/JSR-KB-321-1-300x300.png",300,300,true],"woocommerce_single":["https:\/\/jsr.com.co\/wp-content\/uploads\/2026\/04\/JSR-KB-321-1-600x600.png",600,600,true],"woocommerce_gallery_thumbnail":["https:\/\/jsr.com.co\/wp-content\/uploads\/2026\/04\/JSR-KB-321-1-100x100.png",100,100,true],"dgwt-wcas-product-suggestion":["https:\/\/jsr.com.co\/wp-content\/uploads\/2026\/04\/JSR-KB-321-1-64x64.png",64,64,true]},"uagb_author_info":{"display_name":"JSR.AUTOPARTES@gmail.com","author_link":"https:\/\/jsr.com.co\/?author=0"},"uagb_comment_info":0,"uagb_excerpt":"Splinder Hino Micro Bus Fp. Ff. Gp176 >19","_links":{"self":[{"href":"https:\/\/jsr.com.co\/index.php?rest_route=\/wp\/v2\/product\/16823","targetHints":{"allow":["GET"]}}],"collection":[{"href":"https:\/\/jsr.com.co\/index.php?rest_route=\/wp\/v2\/product"}],"about":[{"href":"https:\/\/jsr.com.co\/index.php?rest_route=\/wp\/v2\/types\/product"}],"wp:featuredmedia":[{"embeddable":true,"href":"https:\/\/jsr.com.co\/index.php?rest_route=\/wp\/v2\/media\/16615"}],"wp:attachment":[{"href":"https:\/\/jsr.com.co\/index.php?rest_route=%2Fwp%2Fv2%2Fmedia&parent=16823"}],"wp:term":[{"taxonomy":"product_brand","embeddable":true,"href":"https:\/\/jsr.com.co\/index.php?rest_route=%2Fwp%2Fv2%2Fproduct_brand&post=16823"},{"taxonomy":"product_cat","embeddable":true,"href":"https:\/\/jsr.com.co\/index.php?rest_route=%2Fwp%2Fv2%2Fproduct_cat&post=16823"},{"taxonomy":"product_tag","embeddable":true,"href":"https:\/\/jsr.com.co\/index.php?rest_route=%2Fwp%2Fv2%2Fproduct_tag&post=16823"}],"curies":[{"name":"wp","href":"https:\/\/api.w.org\/{rel}","templated":true}]}}