{"id":16791,"date":"2026-04-16T16:56:41","date_gmt":"2026-04-16T21:56:41","guid":{"rendered":"https:\/\/jsr.com.co\/?post_type=product&#038;p=16791"},"modified":"2026-04-16T16:56:46","modified_gmt":"2026-04-16T21:56:46","slug":"cruceta-cardan-inter-eagle-freightliner-kenworth-50x150x165","status":"publish","type":"product","link":"https:\/\/jsr.com.co\/?product=cruceta-cardan-inter-eagle-freightliner-kenworth-50x150x165","title":{"rendered":"Cruceta Card\u00e1n Inter Eagle Freightliner Kenworth 50X150X165"},"content":{"rendered":"<p>La <strong>Cruceta Card\u00e1n Inter Eagle Freightliner Kenworth 50X150X165<\/strong> es un repuesto confiable para transmisi\u00f3n o direcci\u00f3n, ideal para reducir juego, vibraci\u00f3n y desgaste prematuro. Se recomienda para aplicaciones Inter Eagle Freightliner Kenworth donde se requiere ajuste preciso y buen desempe\u00f1o en ruta o trabajo pesado.<\/p>\n<ul>\n<li><strong>Referencia:<\/strong> JSRSPL170PREMIUM<\/li>\n<li><strong>Aplicaci\u00f3n:<\/strong> Inter Eagle Freightliner Kenworth<\/li>\n<li><strong>Medidas:<\/strong> 50 x 150 x 165<\/li>\n<\/ul>\n<p>Valida medidas, tipo de pin y aplicaci\u00f3n exacta antes de instalar para asegurar un montaje correcto.<\/p>\n","protected":false},"excerpt":{"rendered":"<p>Cruceta Cardan Inter Eagle, Freightliner, Kenworth (Nuevo Dise\u00f1o) :Spl170 (50X150X165) <\/p>\n","protected":false},"featured_media":16646,"template":"","meta":{"_uag_custom_page_level_css":"","_monsterinsights_skip_tracking":false,"_monsterinsights_sitenote_active":false,"_monsterinsights_sitenote_note":"","_monsterinsights_sitenote_category":0,"site-sidebar-layout":"default","site-content-layout":"","ast-site-content-layout":"default","site-content-style":"default","site-sidebar-style":"default","ast-global-header-display":"","ast-banner-title-visibility":"","ast-main-header-display":"","ast-hfb-above-header-display":"","ast-hfb-below-header-display":"","ast-hfb-mobile-header-display":"","site-post-title":"","ast-breadcrumbs-content":"","ast-featured-img":"","footer-sml-layout":"","ast-disable-related-posts":"","theme-transparent-header-meta":"","adv-header-id-meta":"","stick-header-meta":"","header-above-stick-meta":"","header-main-stick-meta":"","header-below-stick-meta":"","astra-migrate-meta-layouts":"default","ast-page-background-enabled":"default","ast-page-background-meta":{"desktop":{"background-color":"","background-image":"","background-repeat":"repeat","background-position":"center center","background-size":"auto","background-attachment":"scroll","background-type":"","background-media":"","overlay-type":"","overlay-color":"","overlay-opacity":"","overlay-gradient":""},"tablet":{"background-color":"","background-image":"","background-repeat":"repeat","background-position":"center center","background-size":"auto","background-attachment":"scroll","background-type":"","background-media":"","overlay-type":"","overlay-color":"","overlay-opacity":"","overlay-gradient":""},"mobile":{"background-color":"","background-image":"","background-repeat":"repeat","background-position":"center center","background-size":"auto","background-attachment":"scroll","background-type":"","background-media":"","overlay-type":"","overlay-color":"","overlay-opacity":"","overlay-gradient":""}},"ast-content-background-meta":{"desktop":{"background-color":"var(--ast-global-color-5)","background-image":"","background-repeat":"repeat","background-position":"center center","background-size":"auto","background-attachment":"scroll","background-type":"","background-media":"","overlay-type":"","overlay-color":"","overlay-opacity":"","overlay-gradient":""},"tablet":{"background-color":"var(--ast-global-color-5)","background-image":"","background-repeat":"repeat","background-position":"center center","background-size":"auto","background-attachment":"scroll","background-type":"","background-media":"","overlay-type":"","overlay-color":"","overlay-opacity":"","overlay-gradient":""},"mobile":{"background-color":"var(--ast-global-color-5)","background-image":"","background-repeat":"repeat","background-position":"center center","background-size":"auto","background-attachment":"scroll","background-type":"","background-media":"","overlay-type":"","overlay-color":"","overlay-opacity":"","overlay-gradient":""}},"_themeisle_gutenberg_block_has_review":false},"product_brand":[],"product_cat":[94,25],"product_tag":[],"class_list":{"0":"post-16791","1":"product","2":"type-product","3":"status-publish","4":"has-post-thumbnail","6":"product_cat-cardan-y-direccion","7":"product_cat-crucetas","8":"desktop-align-left","9":"tablet-align-left","10":"mobile-align-left","12":"first","13":"instock","14":"shipping-taxable","15":"product-type-simple"},"aioseo_notices":[],"uagb_featured_image_src":{"full":["https:\/\/jsr.com.co\/wp-content\/uploads\/2026\/04\/JSR-SPL170-PREMIUM-1.png",700,700,false],"thumbnail":["https:\/\/jsr.com.co\/wp-content\/uploads\/2026\/04\/JSR-SPL170-PREMIUM-1-150x150.png",150,150,true],"medium":["https:\/\/jsr.com.co\/wp-content\/uploads\/2026\/04\/JSR-SPL170-PREMIUM-1-300x300.png",300,300,true],"medium_large":["https:\/\/jsr.com.co\/wp-content\/uploads\/2026\/04\/JSR-SPL170-PREMIUM-1.png",700,700,false],"large":["https:\/\/jsr.com.co\/wp-content\/uploads\/2026\/04\/JSR-SPL170-PREMIUM-1.png",700,700,false],"1536x1536":["https:\/\/jsr.com.co\/wp-content\/uploads\/2026\/04\/JSR-SPL170-PREMIUM-1.png",700,700,false],"2048x2048":["https:\/\/jsr.com.co\/wp-content\/uploads\/2026\/04\/JSR-SPL170-PREMIUM-1.png",700,700,false],"woocommerce_thumbnail":["https:\/\/jsr.com.co\/wp-content\/uploads\/2026\/04\/JSR-SPL170-PREMIUM-1-300x300.png",300,300,true],"woocommerce_single":["https:\/\/jsr.com.co\/wp-content\/uploads\/2026\/04\/JSR-SPL170-PREMIUM-1-600x600.png",600,600,true],"woocommerce_gallery_thumbnail":["https:\/\/jsr.com.co\/wp-content\/uploads\/2026\/04\/JSR-SPL170-PREMIUM-1-100x100.png",100,100,true],"dgwt-wcas-product-suggestion":["https:\/\/jsr.com.co\/wp-content\/uploads\/2026\/04\/JSR-SPL170-PREMIUM-1-64x64.png",64,64,true]},"uagb_author_info":{"display_name":"JSR.AUTOPARTES@gmail.com","author_link":"https:\/\/jsr.com.co\/?author=0"},"uagb_comment_info":0,"uagb_excerpt":"Cruceta Cardan Inter Eagle, Freightliner, Kenworth (Nuevo Dise\u00f1o) :Spl170 (50X150X165)","_links":{"self":[{"href":"https:\/\/jsr.com.co\/index.php?rest_route=\/wp\/v2\/product\/16791","targetHints":{"allow":["GET"]}}],"collection":[{"href":"https:\/\/jsr.com.co\/index.php?rest_route=\/wp\/v2\/product"}],"about":[{"href":"https:\/\/jsr.com.co\/index.php?rest_route=\/wp\/v2\/types\/product"}],"wp:featuredmedia":[{"embeddable":true,"href":"https:\/\/jsr.com.co\/index.php?rest_route=\/wp\/v2\/media\/16646"}],"wp:attachment":[{"href":"https:\/\/jsr.com.co\/index.php?rest_route=%2Fwp%2Fv2%2Fmedia&parent=16791"}],"wp:term":[{"taxonomy":"product_brand","embeddable":true,"href":"https:\/\/jsr.com.co\/index.php?rest_route=%2Fwp%2Fv2%2Fproduct_brand&post=16791"},{"taxonomy":"product_cat","embeddable":true,"href":"https:\/\/jsr.com.co\/index.php?rest_route=%2Fwp%2Fv2%2Fproduct_cat&post=16791"},{"taxonomy":"product_tag","embeddable":true,"href":"https:\/\/jsr.com.co\/index.php?rest_route=%2Fwp%2Fv2%2Fproduct_tag&post=16791"}],"curies":[{"name":"wp","href":"https:\/\/api.w.org\/{rel}","templated":true}]}}