{"id":16148,"date":"2026-04-15T16:01:36","date_gmt":"2026-04-15T21:01:36","guid":{"rendered":"https:\/\/jsr.com.co\/?post_type=product&#038;p=16148"},"modified":"2026-04-15T16:01:42","modified_gmt":"2026-04-15T21:01:42","slug":"portaescobillas-arranque-plastico-meganne-simbol-duster-twingo-clio-logan","status":"publish","type":"product","link":"https:\/\/jsr.com.co\/?product=portaescobillas-arranque-plastico-meganne-simbol-duster-twingo-clio-logan","title":{"rendered":"Portaescobillas Arranque Plastico Meganne\/Simbol\/Duster\/Twingo\/Clio\/Logan"},"content":{"rendered":"<p><strong>Portaescobillas Arranque Plastico Meganne\/Simbol\/Duster\/Twingo\/Clio\/Logan<\/strong><\/p>\n<p>Repuesto para motor de arranque dise\u00f1ado para restablecer el contacto el\u00e9ctrico y apoyar un encendido confiable. Ideal para reposici\u00f3n en taller, mostrador y venta web.<\/p>\n<ul>\n<li><strong>Referencia:<\/strong> JSR-PEA-0141<\/li>\n<li><strong>Aplicaci\u00f3n base:<\/strong> Plastico Meganne\/Simbol\/Duster\/Twingo\/Clio\/Logan<\/li>\n<li><strong>Caracter\u00edsticas:<\/strong> pl\u00e1stico<\/li>\n<li><strong>OEM:<\/strong> 81218<\/li>\n<\/ul>\n<p>Verifica compatibilidad, conexiones, medidas y c\u00f3digos antes de comprar.<\/p>\n","protected":false},"excerpt":{"rendered":"<p>Portaescobillas Arranque (Plastico) Meganne\/Simbol\/Duster\/Twingo\/Clio\/Logan Oem:81218 :69-8409<\/p>\n","protected":false},"featured_media":15695,"template":"","meta":{"_uag_custom_page_level_css":"","_monsterinsights_skip_tracking":false,"_monsterinsights_sitenote_active":false,"_monsterinsights_sitenote_note":"","_monsterinsights_sitenote_category":0,"site-sidebar-layout":"default","site-content-layout":"","ast-site-content-layout":"default","site-content-style":"default","site-sidebar-style":"default","ast-global-header-display":"","ast-banner-title-visibility":"","ast-main-header-display":"","ast-hfb-above-header-display":"","ast-hfb-below-header-display":"","ast-hfb-mobile-header-display":"","site-post-title":"","ast-breadcrumbs-content":"","ast-featured-img":"","footer-sml-layout":"","ast-disable-related-posts":"","theme-transparent-header-meta":"","adv-header-id-meta":"","stick-header-meta":"","header-above-stick-meta":"","header-main-stick-meta":"","header-below-stick-meta":"","astra-migrate-meta-layouts":"default","ast-page-background-enabled":"default","ast-page-background-meta":{"desktop":{"background-color":"","background-image":"","background-repeat":"repeat","background-position":"center center","background-size":"auto","background-attachment":"scroll","background-type":"","background-media":"","overlay-type":"","overlay-color":"","overlay-opacity":"","overlay-gradient":""},"tablet":{"background-color":"","background-image":"","background-repeat":"repeat","background-position":"center center","background-size":"auto","background-attachment":"scroll","background-type":"","background-media":"","overlay-type":"","overlay-color":"","overlay-opacity":"","overlay-gradient":""},"mobile":{"background-color":"","background-image":"","background-repeat":"repeat","background-position":"center center","background-size":"auto","background-attachment":"scroll","background-type":"","background-media":"","overlay-type":"","overlay-color":"","overlay-opacity":"","overlay-gradient":""}},"ast-content-background-meta":{"desktop":{"background-color":"var(--ast-global-color-5)","background-image":"","background-repeat":"repeat","background-position":"center center","background-size":"auto","background-attachment":"scroll","background-type":"","background-media":"","overlay-type":"","overlay-color":"","overlay-opacity":"","overlay-gradient":""},"tablet":{"background-color":"var(--ast-global-color-5)","background-image":"","background-repeat":"repeat","background-position":"center center","background-size":"auto","background-attachment":"scroll","background-type":"","background-media":"","overlay-type":"","overlay-color":"","overlay-opacity":"","overlay-gradient":""},"mobile":{"background-color":"var(--ast-global-color-5)","background-image":"","background-repeat":"repeat","background-position":"center center","background-size":"auto","background-attachment":"scroll","background-type":"","background-media":"","overlay-type":"","overlay-color":"","overlay-opacity":"","overlay-gradient":""}},"_themeisle_gutenberg_block_has_review":false},"product_brand":[],"product_cat":[76,58],"product_tag":[],"class_list":{"0":"post-16148","1":"product","2":"type-product","3":"status-publish","4":"has-post-thumbnail","6":"product_cat-electricos","7":"product_cat-portaescobillas","8":"desktop-align-left","9":"tablet-align-left","10":"mobile-align-left","12":"first","13":"instock","14":"shipping-taxable","15":"product-type-simple"},"aioseo_notices":[],"uagb_featured_image_src":{"full":["https:\/\/jsr.com.co\/wp-content\/uploads\/2026\/04\/JSR-PEA-0141-2.png",1000,1000,false],"thumbnail":["https:\/\/jsr.com.co\/wp-content\/uploads\/2026\/04\/JSR-PEA-0141-2-150x150.png",150,150,true],"medium":["https:\/\/jsr.com.co\/wp-content\/uploads\/2026\/04\/JSR-PEA-0141-2-300x300.png",300,300,true],"medium_large":["https:\/\/jsr.com.co\/wp-content\/uploads\/2026\/04\/JSR-PEA-0141-2-768x768.png",768,768,true],"large":["https:\/\/jsr.com.co\/wp-content\/uploads\/2026\/04\/JSR-PEA-0141-2.png",1000,1000,false],"1536x1536":["https:\/\/jsr.com.co\/wp-content\/uploads\/2026\/04\/JSR-PEA-0141-2.png",1000,1000,false],"2048x2048":["https:\/\/jsr.com.co\/wp-content\/uploads\/2026\/04\/JSR-PEA-0141-2.png",1000,1000,false],"woocommerce_thumbnail":["https:\/\/jsr.com.co\/wp-content\/uploads\/2026\/04\/JSR-PEA-0141-2-300x300.png",300,300,true],"woocommerce_single":["https:\/\/jsr.com.co\/wp-content\/uploads\/2026\/04\/JSR-PEA-0141-2-600x600.png",600,600,true],"woocommerce_gallery_thumbnail":["https:\/\/jsr.com.co\/wp-content\/uploads\/2026\/04\/JSR-PEA-0141-2-100x100.png",100,100,true],"dgwt-wcas-product-suggestion":["https:\/\/jsr.com.co\/wp-content\/uploads\/2026\/04\/JSR-PEA-0141-2-64x64.png",64,64,true]},"uagb_author_info":{"display_name":"JSR.AUTOPARTES@gmail.com","author_link":"https:\/\/jsr.com.co\/?author=0"},"uagb_comment_info":0,"uagb_excerpt":"Portaescobillas Arranque (Plastico) Meganne\/Simbol\/Duster\/Twingo\/Clio\/Logan Oem:81218 :69-8409","_links":{"self":[{"href":"https:\/\/jsr.com.co\/index.php?rest_route=\/wp\/v2\/product\/16148","targetHints":{"allow":["GET"]}}],"collection":[{"href":"https:\/\/jsr.com.co\/index.php?rest_route=\/wp\/v2\/product"}],"about":[{"href":"https:\/\/jsr.com.co\/index.php?rest_route=\/wp\/v2\/types\/product"}],"wp:featuredmedia":[{"embeddable":true,"href":"https:\/\/jsr.com.co\/index.php?rest_route=\/wp\/v2\/media\/15695"}],"wp:attachment":[{"href":"https:\/\/jsr.com.co\/index.php?rest_route=%2Fwp%2Fv2%2Fmedia&parent=16148"}],"wp:term":[{"taxonomy":"product_brand","embeddable":true,"href":"https:\/\/jsr.com.co\/index.php?rest_route=%2Fwp%2Fv2%2Fproduct_brand&post=16148"},{"taxonomy":"product_cat","embeddable":true,"href":"https:\/\/jsr.com.co\/index.php?rest_route=%2Fwp%2Fv2%2Fproduct_cat&post=16148"},{"taxonomy":"product_tag","embeddable":true,"href":"https:\/\/jsr.com.co\/index.php?rest_route=%2Fwp%2Fv2%2Fproduct_tag&post=16148"}],"curies":[{"name":"wp","href":"https:\/\/api.w.org\/{rel}","templated":true}]}}