{"id":11219,"date":"2026-04-09T15:31:42","date_gmt":"2026-04-09T20:31:42","guid":{"rendered":"https:\/\/jsr.com.co\/?post_type=product&#038;p=11219"},"modified":"2026-04-09T15:31:48","modified_gmt":"2026-04-09T20:31:48","slug":"alternador-12v-110a-duster-1-6-logan-mn-t-bosch","status":"publish","type":"product","link":"https:\/\/jsr.com.co\/?product=alternador-12v-110a-duster-1-6-logan-mn-t-bosch","title":{"rendered":"Alternador 12V 110A DUSTER 1.6\/LOGAN MN T.BOSCH"},"content":{"rendered":"<p><strong>Alternador 12V 110A<\/strong> dise\u00f1ado para Duster 1.6\/Logan Mn T.Bosch. Su funci\u00f3n es convertir la energ\u00eda mec\u00e1nica del motor en energ\u00eda el\u00e9ctrica para alimentar los sistemas del veh\u00edculo y mantener la bater\u00eda cargada.<\/p>\n<p>Los alternadores generan corriente alterna internamente y, mediante el rectificador (diodos) y el regulador de voltaje, entregan una salida en corriente continua adecuada para el sistema el\u00e9ctrico del veh\u00edculo (en sistemas 12V normalmente alrededor de 13.8\u201314.4V con el motor en marcha).<\/p>\n<ul>\n<li><strong>Voltaje del sistema:<\/strong> 12V<\/li>\n<li><strong>Capacidad de carga:<\/strong> 110A<\/li>\n<li><strong>Aplicaci\u00f3n:<\/strong> Duster 1.6\/Logan Mn T.Bosch<\/li>\n<li><strong>SKU \/ Referencia:<\/strong> JSR-P-0074<\/li>\n<\/ul>\n<p><strong>Recomendaciones de compatibilidad:<\/strong> verifica que coincidan conectores, tipo de polea, n\u00famero de canales y puntos de anclaje. Mantener la misma capacidad (A) del equipo original ayuda a asegurar una carga estable con los consumos el\u00e9ctricos del veh\u00edculo.<\/p>\n<p><strong>Se\u00f1ales comunes de alternador fallando:<\/strong> luz de bater\u00eda en el tablero, luces tenues o parpadeo, bater\u00eda que se descarga con frecuencia, accesorios el\u00e9ctricos intermitentes o ruidos en la zona de la correa. Ante cualquiera de estos s\u00edntomas, se recomienda revisar el voltaje de carga y el estado de la correa\/tensores.<\/p>\n<p><strong>Instalaci\u00f3n:<\/strong> se sugiere realizarla con un t\u00e9cnico. Revisa el estado de la correa y el tensor, limpia terminales y confirma el voltaje de carga al finalizar.<\/p>\n","protected":false},"excerpt":{"rendered":"<p>Alternador 12V 110Amp. Duster 1.6\/Logan Mn T.Bosch : 8200810621N<\/p>\n","protected":false},"featured_media":10682,"template":"","meta":{"_uag_custom_page_level_css":"","_monsterinsights_skip_tracking":false,"_monsterinsights_sitenote_active":false,"_monsterinsights_sitenote_note":"","_monsterinsights_sitenote_category":0,"site-sidebar-layout":"default","site-content-layout":"","ast-site-content-layout":"default","site-content-style":"default","site-sidebar-style":"default","ast-global-header-display":"","ast-banner-title-visibility":"","ast-main-header-display":"","ast-hfb-above-header-display":"","ast-hfb-below-header-display":"","ast-hfb-mobile-header-display":"","site-post-title":"","ast-breadcrumbs-content":"","ast-featured-img":"","footer-sml-layout":"","ast-disable-related-posts":"","theme-transparent-header-meta":"","adv-header-id-meta":"","stick-header-meta":"","header-above-stick-meta":"","header-main-stick-meta":"","header-below-stick-meta":"","astra-migrate-meta-layouts":"default","ast-page-background-enabled":"default","ast-page-background-meta":{"desktop":{"background-color":"","background-image":"","background-repeat":"repeat","background-position":"center center","background-size":"auto","background-attachment":"scroll","background-type":"","background-media":"","overlay-type":"","overlay-color":"","overlay-opacity":"","overlay-gradient":""},"tablet":{"background-color":"","background-image":"","background-repeat":"repeat","background-position":"center center","background-size":"auto","background-attachment":"scroll","background-type":"","background-media":"","overlay-type":"","overlay-color":"","overlay-opacity":"","overlay-gradient":""},"mobile":{"background-color":"","background-image":"","background-repeat":"repeat","background-position":"center center","background-size":"auto","background-attachment":"scroll","background-type":"","background-media":"","overlay-type":"","overlay-color":"","overlay-opacity":"","overlay-gradient":""}},"ast-content-background-meta":{"desktop":{"background-color":"var(--ast-global-color-5)","background-image":"","background-repeat":"repeat","background-position":"center center","background-size":"auto","background-attachment":"scroll","background-type":"","background-media":"","overlay-type":"","overlay-color":"","overlay-opacity":"","overlay-gradient":""},"tablet":{"background-color":"var(--ast-global-color-5)","background-image":"","background-repeat":"repeat","background-position":"center center","background-size":"auto","background-attachment":"scroll","background-type":"","background-media":"","overlay-type":"","overlay-color":"","overlay-opacity":"","overlay-gradient":""},"mobile":{"background-color":"var(--ast-global-color-5)","background-image":"","background-repeat":"repeat","background-position":"center center","background-size":"auto","background-attachment":"scroll","background-type":"","background-media":"","overlay-type":"","overlay-color":"","overlay-opacity":"","overlay-gradient":""}},"_themeisle_gutenberg_block_has_review":false},"product_brand":[],"product_cat":[77,76],"product_tag":[],"class_list":{"0":"post-11219","1":"product","2":"type-product","3":"status-publish","4":"has-post-thumbnail","6":"product_cat-alternador","7":"product_cat-electricos","8":"desktop-align-center","9":"tablet-align-left","10":"mobile-align-left","12":"first","13":"instock","14":"shipping-taxable","15":"product-type-simple"},"aioseo_notices":[],"uagb_featured_image_src":{"full":["https:\/\/jsr.com.co\/wp-content\/uploads\/2026\/04\/JSR-P-0074-1.png",700,700,false],"thumbnail":["https:\/\/jsr.com.co\/wp-content\/uploads\/2026\/04\/JSR-P-0074-1-150x150.png",150,150,true],"medium":["https:\/\/jsr.com.co\/wp-content\/uploads\/2026\/04\/JSR-P-0074-1-300x300.png",300,300,true],"medium_large":["https:\/\/jsr.com.co\/wp-content\/uploads\/2026\/04\/JSR-P-0074-1.png",700,700,false],"large":["https:\/\/jsr.com.co\/wp-content\/uploads\/2026\/04\/JSR-P-0074-1.png",700,700,false],"1536x1536":["https:\/\/jsr.com.co\/wp-content\/uploads\/2026\/04\/JSR-P-0074-1.png",700,700,false],"2048x2048":["https:\/\/jsr.com.co\/wp-content\/uploads\/2026\/04\/JSR-P-0074-1.png",700,700,false],"woocommerce_thumbnail":["https:\/\/jsr.com.co\/wp-content\/uploads\/2026\/04\/JSR-P-0074-1-300x300.png",300,300,true],"woocommerce_single":["https:\/\/jsr.com.co\/wp-content\/uploads\/2026\/04\/JSR-P-0074-1-600x600.png",600,600,true],"woocommerce_gallery_thumbnail":["https:\/\/jsr.com.co\/wp-content\/uploads\/2026\/04\/JSR-P-0074-1-100x100.png",100,100,true],"dgwt-wcas-product-suggestion":["https:\/\/jsr.com.co\/wp-content\/uploads\/2026\/04\/JSR-P-0074-1-64x64.png",64,64,true]},"uagb_author_info":{"display_name":"JSR.AUTOPARTES@gmail.com","author_link":"https:\/\/jsr.com.co\/?author=0"},"uagb_comment_info":0,"uagb_excerpt":"Alternador 12V 110Amp. Duster 1.6\/Logan Mn T.Bosch : 8200810621N","_links":{"self":[{"href":"https:\/\/jsr.com.co\/index.php?rest_route=\/wp\/v2\/product\/11219","targetHints":{"allow":["GET"]}}],"collection":[{"href":"https:\/\/jsr.com.co\/index.php?rest_route=\/wp\/v2\/product"}],"about":[{"href":"https:\/\/jsr.com.co\/index.php?rest_route=\/wp\/v2\/types\/product"}],"wp:featuredmedia":[{"embeddable":true,"href":"https:\/\/jsr.com.co\/index.php?rest_route=\/wp\/v2\/media\/10682"}],"wp:attachment":[{"href":"https:\/\/jsr.com.co\/index.php?rest_route=%2Fwp%2Fv2%2Fmedia&parent=11219"}],"wp:term":[{"taxonomy":"product_brand","embeddable":true,"href":"https:\/\/jsr.com.co\/index.php?rest_route=%2Fwp%2Fv2%2Fproduct_brand&post=11219"},{"taxonomy":"product_cat","embeddable":true,"href":"https:\/\/jsr.com.co\/index.php?rest_route=%2Fwp%2Fv2%2Fproduct_cat&post=11219"},{"taxonomy":"product_tag","embeddable":true,"href":"https:\/\/jsr.com.co\/index.php?rest_route=%2Fwp%2Fv2%2Fproduct_tag&post=11219"}],"curies":[{"name":"wp","href":"https:\/\/api.w.org\/{rel}","templated":true}]}}