{"id":119,"date":"2020-08-20T10:02:41","date_gmt":"2020-08-20T10:02:41","guid":{"rendered":"http:\/\/jsr.com.co\/?page_id=119"},"modified":"2025-01-20T17:15:03","modified_gmt":"2025-01-20T22:15:03","slug":"about-us","status":"publish","type":"page","link":"https:\/\/jsr.com.co\/?page_id=119","title":{"rendered":"NOSOTROS"},"content":{"rendered":"\t\t<div data-elementor-type=\"wp-page\" data-elementor-id=\"119\" class=\"elementor elementor-119\">\n\t\t\t\t\t\t<section class=\"elementor-section elementor-top-section elementor-element elementor-element-v7ap8ms elementor-section-full_width elementor-section-height-default elementor-section-height-default\" data-id=\"v7ap8ms\" data-element_type=\"section\" data-settings=\"{&quot;background_background&quot;:&quot;classic&quot;}\">\n\t\t\t\t\t\t<div class=\"elementor-container elementor-column-gap-no\">\n\t\t\t\t\t<div class=\"elementor-column elementor-col-100 elementor-top-column elementor-element elementor-element-0814f73\" data-id=\"0814f73\" data-element_type=\"column\">\n\t\t\t<div class=\"elementor-widget-wrap elementor-element-populated\">\n\t\t\t\t\t\t<div class=\"elementor-element elementor-element-a6a99b1 elementor-widget elementor-widget-image\" data-id=\"a6a99b1\" data-element_type=\"widget\" data-widget_type=\"image.default\">\n\t\t\t\t<div class=\"elementor-widget-container\">\n\t\t\t\t\t\t\t\t\t\t\t\t\t\t\t<img fetchpriority=\"high\" decoding=\"async\" width=\"1200\" height=\"500\" src=\"https:\/\/jsr.com.co\/wp-content\/uploads\/2024\/02\/NOSOTROS-FONDO-FUTURISTA-CON-LOGO-JSR-1.png\" class=\"attachment-full size-full wp-image-2781\" alt=\"\" srcset=\"https:\/\/jsr.com.co\/wp-content\/uploads\/2024\/02\/NOSOTROS-FONDO-FUTURISTA-CON-LOGO-JSR-1.png 1200w, https:\/\/jsr.com.co\/wp-content\/uploads\/2024\/02\/NOSOTROS-FONDO-FUTURISTA-CON-LOGO-JSR-1-300x125.png 300w, https:\/\/jsr.com.co\/wp-content\/uploads\/2024\/02\/NOSOTROS-FONDO-FUTURISTA-CON-LOGO-JSR-1-1024x427.png 1024w, https:\/\/jsr.com.co\/wp-content\/uploads\/2024\/02\/NOSOTROS-FONDO-FUTURISTA-CON-LOGO-JSR-1-768x320.png 768w, https:\/\/jsr.com.co\/wp-content\/uploads\/2024\/02\/NOSOTROS-FONDO-FUTURISTA-CON-LOGO-JSR-1-600x250.png 600w, https:\/\/jsr.com.co\/wp-content\/uploads\/2024\/02\/NOSOTROS-FONDO-FUTURISTA-CON-LOGO-JSR-1-64x27.png 64w\" sizes=\"(max-width: 1200px) 100vw, 1200px\" \/>\t\t\t\t\t\t\t\t\t\t\t\t\t\t\t<\/div>\n\t\t\t\t<\/div>\n\t\t\t\t\t<\/div>\n\t\t<\/div>\n\t\t\t\t\t<\/div>\n\t\t<\/section>\n\t\t\t\t<section class=\"elementor-section elementor-top-section elementor-element elementor-element-nj7si71 elementor-section-boxed elementor-section-height-default elementor-section-height-default\" data-id=\"nj7si71\" data-element_type=\"section\" data-settings=\"{&quot;background_background&quot;:&quot;classic&quot;}\">\n\t\t\t\t\t\t\t<div class=\"elementor-background-overlay\"><\/div>\n\t\t\t\t\t\t\t<div class=\"elementor-container elementor-column-gap-no\">\n\t\t\t\t\t<div class=\"elementor-column elementor-col-50 elementor-top-column elementor-element elementor-element-7c4d4fc\" data-id=\"7c4d4fc\" data-element_type=\"column\" data-settings=\"{&quot;background_background&quot;:&quot;classic&quot;}\">\n\t\t\t<div class=\"elementor-widget-wrap elementor-element-populated\">\n\t\t\t\t\t<div class=\"elementor-background-overlay\"><\/div>\n\t\t\t\t\t\t<div class=\"elementor-element elementor-element-f71383f elementor-widget__width-initial elementor-widget elementor-widget-image\" data-id=\"f71383f\" data-element_type=\"widget\" data-widget_type=\"image.default\">\n\t\t\t\t<div class=\"elementor-widget-container\">\n\t\t\t\t\t\t\t\t\t\t\t\t\t\t\t<img decoding=\"async\" width=\"1500\" height=\"1500\" src=\"https:\/\/jsr.com.co\/wp-content\/uploads\/2023\/11\/foto-en-grupo-repuestoa-2.png\" class=\"attachment-full size-full wp-image-2329\" alt=\"\" srcset=\"https:\/\/jsr.com.co\/wp-content\/uploads\/2023\/11\/foto-en-grupo-repuestoa-2.png 1500w, https:\/\/jsr.com.co\/wp-content\/uploads\/2023\/11\/foto-en-grupo-repuestoa-2-300x300.png 300w, https:\/\/jsr.com.co\/wp-content\/uploads\/2023\/11\/foto-en-grupo-repuestoa-2-1024x1024.png 1024w, https:\/\/jsr.com.co\/wp-content\/uploads\/2023\/11\/foto-en-grupo-repuestoa-2-150x150.png 150w, https:\/\/jsr.com.co\/wp-content\/uploads\/2023\/11\/foto-en-grupo-repuestoa-2-768x768.png 768w, https:\/\/jsr.com.co\/wp-content\/uploads\/2023\/11\/foto-en-grupo-repuestoa-2-600x600.png 600w, https:\/\/jsr.com.co\/wp-content\/uploads\/2023\/11\/foto-en-grupo-repuestoa-2-100x100.png 100w, https:\/\/jsr.com.co\/wp-content\/uploads\/2023\/11\/foto-en-grupo-repuestoa-2-64x64.png 64w\" sizes=\"(max-width: 1500px) 100vw, 1500px\" \/>\t\t\t\t\t\t\t\t\t\t\t\t\t\t\t<\/div>\n\t\t\t\t<\/div>\n\t\t\t\t\t<\/div>\n\t\t<\/div>\n\t\t\t\t<div class=\"elementor-column elementor-col-50 elementor-top-column elementor-element elementor-element-6f6465c\" data-id=\"6f6465c\" data-element_type=\"column\" data-settings=\"{&quot;background_background&quot;:&quot;classic&quot;}\">\n\t\t\t<div class=\"elementor-widget-wrap elementor-element-populated\">\n\t\t\t\t\t\t<div class=\"elementor-element elementor-element-726a5c3 elementor-widget elementor-widget-heading\" data-id=\"726a5c3\" data-element_type=\"widget\" data-widget_type=\"heading.default\">\n\t\t\t\t<div class=\"elementor-widget-container\">\n\t\t\t\t\t<h2 class=\"elementor-heading-title elementor-size-default\">Misi\u00f3n<\/h2>\t\t\t\t<\/div>\n\t\t\t\t<\/div>\n\t\t\t\t<div class=\"elementor-element elementor-element-9506a11 elementor-widget elementor-widget-text-editor\" data-id=\"9506a11\" data-element_type=\"widget\" data-widget_type=\"text-editor.default\">\n\t\t\t\t<div class=\"elementor-widget-container\">\n\t\t\t\t\t\t\t\t\t<p class=\"MsoNormal\"><b><span lang=\"ES-CO\">Comercializar <\/span><\/b><span lang=\"ES-CO\">y<b> Distribuir <\/b>un amplio portafolio de<b> <\/b>productos del sector autopartes a nivel nacional resaltando por nuestra confiabilidad, alta calidad y servicio.\u00a0<\/span><\/p>\t\t\t\t\t\t\t\t<\/div>\n\t\t\t\t<\/div>\n\t\t\t\t\t<\/div>\n\t\t<\/div>\n\t\t\t\t\t<\/div>\n\t\t<\/section>\n\t\t\t\t<section class=\"elementor-section elementor-top-section elementor-element elementor-element-95a0r00 elementor-section-content-middle elementor-section-stretched elementor-section-height-min-height elementor-section-items-stretch elementor-section-boxed elementor-section-height-default\" data-id=\"95a0r00\" data-element_type=\"section\" data-settings=\"{&quot;background_background&quot;:&quot;classic&quot;,&quot;stretch_section&quot;:&quot;section-stretched&quot;}\">\n\t\t\t\t\t\t<div class=\"elementor-container elementor-column-gap-default\">\n\t\t\t\t\t<div class=\"elementor-column elementor-col-100 elementor-top-column elementor-element elementor-element-88b5c44\" data-id=\"88b5c44\" data-element_type=\"column\">\n\t\t\t<div class=\"elementor-widget-wrap elementor-element-populated\">\n\t\t\t\t\t\t<section class=\"elementor-section elementor-inner-section elementor-element elementor-element-4fbd767 elementor-section-boxed elementor-section-height-default elementor-section-height-default\" data-id=\"4fbd767\" data-element_type=\"section\">\n\t\t\t\t\t\t<div class=\"elementor-container elementor-column-gap-default\">\n\t\t\t\t\t<div class=\"elementor-column elementor-col-66 elementor-inner-column elementor-element elementor-element-92cadef\" data-id=\"92cadef\" data-element_type=\"column\">\n\t\t\t<div class=\"elementor-widget-wrap elementor-element-populated\">\n\t\t\t\t\t\t<div class=\"elementor-element elementor-element-901d8e1 elementor-widget__width-initial elementor-widget elementor-widget-text-editor\" data-id=\"901d8e1\" data-element_type=\"widget\" data-widget_type=\"text-editor.default\">\n\t\t\t\t<div class=\"elementor-widget-container\">\n\t\t\t\t\t\t\t\t\t<h2 style=\"font-size: 2.66667rem; font-style: normal; font-weight: var( --e-global-typography-primary-font-weight ); margin-bottom: 0px; color: #ffffff; font-family: var( --e-global-typography-primary-font-family ), Sans-serif;\" data-elementor-setting-key=\"title\" data-pen-placeholder=\"Teclea aqu\u00ed...\">\u00a0<\/h2><h2 style=\"font-size: 2.66667rem; font-style: normal; font-weight: var( --e-global-typography-primary-font-weight ); margin-bottom: 0px; color: #ffffff; font-family: var( --e-global-typography-primary-font-family ), Sans-serif;\" data-elementor-setting-key=\"title\" data-pen-placeholder=\"Teclea aqu\u00ed...\"><span style=\"font-family: var( --e-global-typography-primary-font-family ), Sans-serif; font-size: 2.66667rem; font-weight: var( --e-global-typography-primary-font-weight );\">\u00a0<\/span><\/h2><h2 style=\"font-size: 2.66667rem; font-style: normal; font-weight: var( --e-global-typography-primary-font-weight ); margin-bottom: 0px; color: #ffffff; font-family: var( --e-global-typography-primary-font-family ), Sans-serif;\" data-elementor-setting-key=\"title\" data-pen-placeholder=\"Teclea aqu\u00ed...\"><span style=\"font-family: var( --e-global-typography-primary-font-family ), Sans-serif; font-size: 2.66667rem; font-weight: var( --e-global-typography-primary-font-weight );\">Visi\u00f3n<\/span><\/h2><div>\u00a0<\/div><p style=\"text-align: left;\">Hacer de\u00a0JSR AUTOPARTS USA\u00a0una marca arraigada en el coraz\u00f3n de nuestros clientes. Buscamos ofrecer un extenso portafolio de productos, siendo reconocidos por nuestra confiabilidad y por agregar valor a nuestros clientes.<\/p>\t\t\t\t\t\t\t\t<\/div>\n\t\t\t\t<\/div>\n\t\t\t\t\t<\/div>\n\t\t<\/div>\n\t\t\t\t<div class=\"elementor-column elementor-col-33 elementor-inner-column elementor-element elementor-element-765babe\" data-id=\"765babe\" data-element_type=\"column\">\n\t\t\t<div class=\"elementor-widget-wrap elementor-element-populated\">\n\t\t\t\t\t\t<div class=\"elementor-element elementor-element-5a39fae elementor-widget elementor-widget-image\" data-id=\"5a39fae\" data-element_type=\"widget\" data-widget_type=\"image.default\">\n\t\t\t\t<div class=\"elementor-widget-container\">\n\t\t\t\t\t\t\t\t\t\t\t\t\t\t\t<img decoding=\"async\" width=\"612\" height=\"861\" src=\"https:\/\/jsr.com.co\/wp-content\/uploads\/2024\/12\/Productos-jsr.jpg\" class=\"attachment-large size-large wp-image-6206\" alt=\"\" srcset=\"https:\/\/jsr.com.co\/wp-content\/uploads\/2024\/12\/Productos-jsr.jpg 612w, https:\/\/jsr.com.co\/wp-content\/uploads\/2024\/12\/Productos-jsr-213x300.jpg 213w, https:\/\/jsr.com.co\/wp-content\/uploads\/2024\/12\/Productos-jsr-600x844.jpg 600w, https:\/\/jsr.com.co\/wp-content\/uploads\/2024\/12\/Productos-jsr-64x90.jpg 64w\" sizes=\"(max-width: 612px) 100vw, 612px\" \/>\t\t\t\t\t\t\t\t\t\t\t\t\t\t\t<\/div>\n\t\t\t\t<\/div>\n\t\t\t\t\t<\/div>\n\t\t<\/div>\n\t\t\t\t\t<\/div>\n\t\t<\/section>\n\t\t\t\t\t<\/div>\n\t\t<\/div>\n\t\t\t\t\t<\/div>\n\t\t<\/section>\n\t\t\t\t<section class=\"elementor-section elementor-top-section elementor-element elementor-element-zq41ixq elementor-section-content-middle elementor-section-boxed elementor-section-height-default elementor-section-height-default\" data-id=\"zq41ixq\" data-element_type=\"section\">\n\t\t\t\t\t\t<div class=\"elementor-container elementor-column-gap-no\">\n\t\t\t\t\t<div class=\"elementor-column elementor-col-50 elementor-top-column elementor-element elementor-element-679f1be\" data-id=\"679f1be\" data-element_type=\"column\">\n\t\t\t<div class=\"elementor-widget-wrap elementor-element-populated\">\n\t\t\t\t\t\t<div class=\"elementor-element elementor-element-2743614 elementor-widget elementor-widget-image\" data-id=\"2743614\" data-element_type=\"widget\" data-widget_type=\"image.default\">\n\t\t\t\t<div class=\"elementor-widget-container\">\n\t\t\t\t\t\t\t\t\t\t\t\t\t\t\t<img loading=\"lazy\" decoding=\"async\" width=\"481\" height=\"640\" src=\"https:\/\/jsr.com.co\/wp-content\/uploads\/2023\/11\/WhatsApp-Image-2023-11-21-at-17.25.04.jpeg\" class=\"attachment-full size-full wp-image-2387\" alt=\"\" srcset=\"https:\/\/jsr.com.co\/wp-content\/uploads\/2023\/11\/WhatsApp-Image-2023-11-21-at-17.25.04.jpeg 481w, https:\/\/jsr.com.co\/wp-content\/uploads\/2023\/11\/WhatsApp-Image-2023-11-21-at-17.25.04-225x300.jpeg 225w, https:\/\/jsr.com.co\/wp-content\/uploads\/2023\/11\/WhatsApp-Image-2023-11-21-at-17.25.04-64x85.jpeg 64w\" sizes=\"(max-width: 481px) 100vw, 481px\" \/>\t\t\t\t\t\t\t\t\t\t\t\t\t\t\t<\/div>\n\t\t\t\t<\/div>\n\t\t\t\t\t<\/div>\n\t\t<\/div>\n\t\t\t\t<div class=\"elementor-column elementor-col-50 elementor-top-column elementor-element elementor-element-e7a915a\" data-id=\"e7a915a\" data-element_type=\"column\">\n\t\t\t<div class=\"elementor-widget-wrap elementor-element-populated\">\n\t\t\t\t\t\t<section class=\"elementor-section elementor-inner-section elementor-element elementor-element-234ca48 elementor-section-boxed elementor-section-height-default elementor-section-height-default\" data-id=\"234ca48\" data-element_type=\"section\">\n\t\t\t\t\t\t<div class=\"elementor-container elementor-column-gap-no\">\n\t\t\t\t\t<div class=\"elementor-column elementor-col-100 elementor-inner-column elementor-element elementor-element-0d816b6\" data-id=\"0d816b6\" data-element_type=\"column\">\n\t\t\t<div class=\"elementor-widget-wrap elementor-element-populated\">\n\t\t\t\t\t\t<div class=\"elementor-element elementor-element-df291a9 elementor-widget elementor-widget-heading\" data-id=\"df291a9\" data-element_type=\"widget\" data-widget_type=\"heading.default\">\n\t\t\t\t<div class=\"elementor-widget-container\">\n\t\t\t\t\t<h2 class=\"elementor-heading-title elementor-size-default\">Nuestra Historia<\/h2>\t\t\t\t<\/div>\n\t\t\t\t<\/div>\n\t\t\t\t\t<\/div>\n\t\t<\/div>\n\t\t\t\t\t<\/div>\n\t\t<\/section>\n\t\t\t\t<div class=\"elementor-element elementor-element-4595b33 elementor-widget__width-initial elementor-widget-mobile__width-initial elementor-widget elementor-widget-text-editor\" data-id=\"4595b33\" data-element_type=\"widget\" data-widget_type=\"text-editor.default\">\n\t\t\t\t<div class=\"elementor-widget-container\">\n\t\t\t\t\t\t\t\t\t<p><strong>JSR AUTOPARTS USA<\/strong> naci\u00f3 en el 2020 en Bucaramanga, Santander, como una marca propia dirigida al mercado de comercializaci\u00f3n de autopartes. Desde el inicio, nuestra visi\u00f3n ha sido convertirnos en un aliado confiable, destacando por la calidad y\u00a0<span style=\"font-style: inherit; font-weight: inherit; font-family: var( --e-global-typography-text-font-family ), Sans-serif;\">la rentabilidad que ofrecemos a nuestros clientes.<\/span><\/p><p><span style=\"font-style: inherit; font-weight: inherit; font-family: var( --e-global-typography-text-font-family ), Sans-serif;\">Alcanzamos nuestro primer logro en el a\u00f1o 2022 con la primera importaci\u00f3n. Celebramos la llegada de productos que luc\u00edan orgullosamente nuestros dise\u00f1os y el distintivo logo del mundo de JSR AUTOPARTS USA.\u00a0 Este hito represent\u00f3 meses de preparaci\u00f3n meticulosa, revisiones detalladas y nervios palpables. Ver la llegada de los productos a nuestras bodegas en Bucaramanga no solo fue un logro tangible, sino tambi\u00e9n un impulso de orgullo, esperanza y motivaci\u00f3n para todo el equipo de trabajo.<\/span><\/p><p><span style=\"font-style: inherit; font-weight: inherit; font-family: var( --e-global-typography-text-font-family ), Sans-serif;\">El a\u00f1o 2023 se destac\u00f3 por el lanzamiento oficial de nuestra marca en EXPOPARTES BOGOT\u00c1, respaldados por nuestra casa matriz SAFRENOS RANGEL S.A.S. Adem\u00e1s, ampliamos nuestra oferta de productos en m\u00e1s de veintitr\u00e9s categor\u00edas.<\/span><\/p><p>Nuestro compromiso con la calidad no solo se refleja en los productos que distribuimos, sino tambi\u00e9n en el servicio que ofrecemos. Estamos dedicados a demostrar la confiabilidad de nuestros productos con asesoramiento por parte del personal comercial y nuestra confiable garant\u00eda que abarca todo el portafolio\u00a0<\/p>\t\t\t\t\t\t\t\t<\/div>\n\t\t\t\t<\/div>\n\t\t\t\t\t<\/div>\n\t\t<\/div>\n\t\t\t\t\t<\/div>\n\t\t<\/section>\n\t\t\t\t<section class=\"elementor-section elementor-top-section elementor-element elementor-element-j2sg0x4 elementor-section-stretched elementor-section-boxed elementor-section-height-default elementor-section-height-default\" data-id=\"j2sg0x4\" data-element_type=\"section\" data-settings=\"{&quot;background_background&quot;:&quot;classic&quot;,&quot;stretch_section&quot;:&quot;section-stretched&quot;}\">\n\t\t\t\t\t\t<div class=\"elementor-container elementor-column-gap-no\">\n\t\t\t\t\t<div class=\"elementor-column elementor-col-100 elementor-top-column elementor-element elementor-element-d908984\" data-id=\"d908984\" data-element_type=\"column\">\n\t\t\t<div class=\"elementor-widget-wrap elementor-element-populated\">\n\t\t\t\t\t\t<section class=\"elementor-section elementor-inner-section elementor-element elementor-element-3a0a173 elementor-section-boxed elementor-section-height-default elementor-section-height-default\" data-id=\"3a0a173\" data-element_type=\"section\">\n\t\t\t\t\t\t\t<div class=\"elementor-background-overlay\"><\/div>\n\t\t\t\t\t\t\t<div class=\"elementor-container elementor-column-gap-no\">\n\t\t\t\t\t<div class=\"elementor-column elementor-col-100 elementor-inner-column elementor-element elementor-element-6e1a6b1\" data-id=\"6e1a6b1\" data-element_type=\"column\">\n\t\t\t<div class=\"elementor-widget-wrap elementor-element-populated\">\n\t\t\t\t\t\t<div class=\"elementor-element elementor-element-96f1f18 elementor-widget elementor-widget-heading\" data-id=\"96f1f18\" data-element_type=\"widget\" data-widget_type=\"heading.default\">\n\t\t\t\t<div class=\"elementor-widget-container\">\n\t\t\t\t\t<h2 class=\"elementor-heading-title elementor-size-default\">Valores Corporativos<\/h2>\t\t\t\t<\/div>\n\t\t\t\t<\/div>\n\t\t\t\t\t<\/div>\n\t\t<\/div>\n\t\t\t\t\t<\/div>\n\t\t<\/section>\n\t\t\t\t<section class=\"elementor-section elementor-inner-section elementor-element elementor-element-cfc2260 elementor-section-boxed elementor-section-height-default elementor-section-height-default\" data-id=\"cfc2260\" data-element_type=\"section\">\n\t\t\t\t\t\t<div class=\"elementor-container elementor-column-gap-no\">\n\t\t\t\t\t<div class=\"elementor-column elementor-col-33 elementor-inner-column elementor-element elementor-element-877fd22\" data-id=\"877fd22\" data-element_type=\"column\">\n\t\t\t<div class=\"elementor-widget-wrap elementor-element-populated\">\n\t\t\t\t\t\t<div class=\"elementor-element elementor-element-4d1df20 elementor-widget elementor-widget-image-box\" data-id=\"4d1df20\" data-element_type=\"widget\" data-widget_type=\"image-box.default\">\n\t\t\t\t<div class=\"elementor-widget-container\">\n\t\t\t\t\t<div class=\"elementor-image-box-wrapper\"><div class=\"elementor-image-box-content\"><h5 class=\"elementor-image-box-title\">El Cliente es el Centro<\/h5><\/div><\/div>\t\t\t\t<\/div>\n\t\t\t\t<\/div>\n\t\t\t\t\t<\/div>\n\t\t<\/div>\n\t\t\t\t<div class=\"elementor-column elementor-col-33 elementor-inner-column elementor-element elementor-element-3d2fa9f\" data-id=\"3d2fa9f\" data-element_type=\"column\">\n\t\t\t<div class=\"elementor-widget-wrap elementor-element-populated\">\n\t\t\t\t\t\t<div class=\"elementor-element elementor-element-c92e2e4 elementor-widget elementor-widget-image-box\" data-id=\"c92e2e4\" data-element_type=\"widget\" data-widget_type=\"image-box.default\">\n\t\t\t\t<div class=\"elementor-widget-container\">\n\t\t\t\t\t<div class=\"elementor-image-box-wrapper\"><div class=\"elementor-image-box-content\"><h5 class=\"elementor-image-box-title\">Ser Consecuentemente Confiable<\/h5><\/div><\/div>\t\t\t\t<\/div>\n\t\t\t\t<\/div>\n\t\t\t\t\t<\/div>\n\t\t<\/div>\n\t\t\t\t<div class=\"elementor-column elementor-col-33 elementor-inner-column elementor-element elementor-element-abbd948\" data-id=\"abbd948\" data-element_type=\"column\">\n\t\t\t<div class=\"elementor-widget-wrap elementor-element-populated\">\n\t\t\t\t\t\t<div class=\"elementor-element elementor-element-f02551a elementor-widget elementor-widget-image-box\" data-id=\"f02551a\" data-element_type=\"widget\" data-widget_type=\"image-box.default\">\n\t\t\t\t<div class=\"elementor-widget-container\">\n\t\t\t\t\t<div class=\"elementor-image-box-wrapper\"><div class=\"elementor-image-box-content\"><h5 class=\"elementor-image-box-title\">Compromiso con la Calidad<\/h5><\/div><\/div>\t\t\t\t<\/div>\n\t\t\t\t<\/div>\n\t\t\t\t\t<\/div>\n\t\t<\/div>\n\t\t\t\t\t<\/div>\n\t\t<\/section>\n\t\t\t\t\t<\/div>\n\t\t<\/div>\n\t\t\t\t\t<\/div>\n\t\t<\/section>\n\t\t\t\t<section class=\"elementor-section elementor-top-section elementor-element elementor-element-2617c10 elementor-section-boxed elementor-section-height-default elementor-section-height-default\" data-id=\"2617c10\" data-element_type=\"section\">\n\t\t\t\t\t\t<div class=\"elementor-container elementor-column-gap-default\">\n\t\t\t\t\t<div class=\"elementor-column elementor-col-100 elementor-top-column elementor-element elementor-element-8ee2c06\" data-id=\"8ee2c06\" data-element_type=\"column\">\n\t\t\t<div class=\"elementor-widget-wrap\">\n\t\t\t\t\t\t\t<\/div>\n\t\t<\/div>\n\t\t\t\t\t<\/div>\n\t\t<\/section>\n\t\t\t\t<\/div>\n\t\t","protected":false},"excerpt":{"rendered":"<p>Misi\u00f3n Comercializar y Distribuir un amplio portafolio de productos del sector autopartes a nivel nacional resaltando por nuestra confiabilidad, alta calidad y servicio.\u00a0 \u00a0 \u00a0 Visi\u00f3n \u00a0 Hacer de\u00a0JSR AUTOPARTS USA\u00a0una marca arraigada en el coraz\u00f3n de nuestros clientes. Buscamos ofrecer un extenso portafolio de productos, siendo reconocidos por nuestra confiabilidad y por agregar valor [&hellip;]<\/p>\n","protected":false},"author":1,"featured_media":0,"parent":0,"menu_order":0,"comment_status":"closed","ping_status":"closed","template":"","meta":{"_uag_custom_page_level_css":"","_monsterinsights_skip_tracking":false,"_monsterinsights_sitenote_active":false,"_monsterinsights_sitenote_note":"","_monsterinsights_sitenote_category":0,"site-sidebar-layout":"default","site-content-layout":"plain-container","ast-site-content-layout":"default","site-content-style":"default","site-sidebar-style":"default","ast-global-header-display":"","ast-banner-title-visibility":"","ast-main-header-display":"","ast-hfb-above-header-display":"","ast-hfb-below-header-display":"","ast-hfb-mobile-header-display":"","site-post-title":"","ast-breadcrumbs-content":"","ast-featured-img":"disabled","footer-sml-layout":"","ast-disable-related-posts":"","theme-transparent-header-meta":"enabled","adv-header-id-meta":"","stick-header-meta":"","header-above-stick-meta":"","header-main-stick-meta":"","header-below-stick-meta":"","astra-migrate-meta-layouts":"default","ast-page-background-enabled":"default","ast-page-background-meta":{"desktop":{"background-color":"","background-image":"","background-repeat":"repeat","background-position":"center center","background-size":"auto","background-attachment":"scroll","background-type":"","background-media":"","overlay-type":"","overlay-color":"","overlay-opacity":"","overlay-gradient":""},"tablet":{"background-color":"","background-image":"","background-repeat":"repeat","background-position":"center center","background-size":"auto","background-attachment":"scroll","background-type":"","background-media":"","overlay-type":"","overlay-color":"","overlay-opacity":"","overlay-gradient":""},"mobile":{"background-color":"","background-image":"","background-repeat":"repeat","background-position":"center center","background-size":"auto","background-attachment":"scroll","background-type":"","background-media":"","overlay-type":"","overlay-color":"","overlay-opacity":"","overlay-gradient":""}},"ast-content-background-meta":{"desktop":{"background-color":"var(--ast-global-color-5)","background-image":"","background-repeat":"repeat","background-position":"center center","background-size":"auto","background-attachment":"scroll","background-type":"","background-media":"","overlay-type":"","overlay-color":"","overlay-opacity":"","overlay-gradient":""},"tablet":{"background-color":"var(--ast-global-color-5)","background-image":"","background-repeat":"repeat","background-position":"center center","background-size":"auto","background-attachment":"scroll","background-type":"","background-media":"","overlay-type":"","overlay-color":"","overlay-opacity":"","overlay-gradient":""},"mobile":{"background-color":"var(--ast-global-color-5)","background-image":"","background-repeat":"repeat","background-position":"center center","background-size":"auto","background-attachment":"scroll","background-type":"","background-media":"","overlay-type":"","overlay-color":"","overlay-opacity":"","overlay-gradient":""}},"_themeisle_gutenberg_block_has_review":false,"footnotes":""},"class_list":["post-119","page","type-page","status-publish","hentry"],"aioseo_notices":[],"uagb_featured_image_src":{"full":false,"thumbnail":false,"medium":false,"medium_large":false,"large":false,"1536x1536":false,"2048x2048":false,"woocommerce_thumbnail":false,"woocommerce_single":false,"woocommerce_gallery_thumbnail":false,"dgwt-wcas-product-suggestion":false},"uagb_author_info":{"display_name":"JSR.AUTOPARTES@gmail.com","author_link":"https:\/\/jsr.com.co\/?author=1"},"uagb_comment_info":0,"uagb_excerpt":"Misi\u00f3n Comercializar y Distribuir un amplio portafolio de productos del sector autopartes a nivel nacional resaltando por nuestra confiabilidad, alta calidad y servicio.\u00a0 \u00a0 \u00a0 Visi\u00f3n \u00a0 Hacer de\u00a0JSR AUTOPARTS USA\u00a0una marca arraigada en el coraz\u00f3n de nuestros clientes. Buscamos ofrecer un extenso portafolio de productos, siendo reconocidos por nuestra confiabilidad y por agregar valor&hellip;","_links":{"self":[{"href":"https:\/\/jsr.com.co\/index.php?rest_route=\/wp\/v2\/pages\/119","targetHints":{"allow":["GET"]}}],"collection":[{"href":"https:\/\/jsr.com.co\/index.php?rest_route=\/wp\/v2\/pages"}],"about":[{"href":"https:\/\/jsr.com.co\/index.php?rest_route=\/wp\/v2\/types\/page"}],"author":[{"embeddable":true,"href":"https:\/\/jsr.com.co\/index.php?rest_route=\/wp\/v2\/users\/1"}],"replies":[{"embeddable":true,"href":"https:\/\/jsr.com.co\/index.php?rest_route=%2Fwp%2Fv2%2Fcomments&post=119"}],"version-history":[{"count":176,"href":"https:\/\/jsr.com.co\/index.php?rest_route=\/wp\/v2\/pages\/119\/revisions"}],"predecessor-version":[{"id":9928,"href":"https:\/\/jsr.com.co\/index.php?rest_route=\/wp\/v2\/pages\/119\/revisions\/9928"}],"wp:attachment":[{"href":"https:\/\/jsr.com.co\/index.php?rest_route=%2Fwp%2Fv2%2Fmedia&parent=119"}],"curies":[{"name":"wp","href":"https:\/\/api.w.org\/{rel}","templated":true}]}}